{"id":794,"date":"2021-05-05T15:29:28","date_gmt":"2021-05-05T15:29:28","guid":{"rendered":"https:\/\/avadawebsites.wpengine.com\/movers\/?page_id=794"},"modified":"2025-01-28T20:13:37","modified_gmt":"2025-01-28T20:13:37","slug":"dropmybag","status":"publish","type":"page","link":"https:\/\/www.dropmybag.com\/","title":{"rendered":"Acceuil"},"content":{"rendered":"<p><div class=\"fusion-bg-parallax\" data-bg-align=\"center bottom\" data-direction=\"up\" data-mute=\"false\" data-opacity=\"100\" data-velocity=\"-0.3\" data-mobile-enabled=\"false\" data-break_parents=\"0\" data-bg-image=\"https:\/\/www.dropmybag.com\/wp-content\/uploads\/2025\/01\/alexander-kagan-t9Td0zfDTwI-unsplash-scaled-e1737996813213.jpg\" data-bg-repeat=\"false\" data-bg-image-medium=\"https:\/\/www.dropmybag.com\/wp-content\/uploads\/2025\/01\/alexander-kagan-t9Td0zfDTwI-unsplash-scaled-e1737996813213.jpg\" data-bg-gradient-type=\"linear\" data-bg-gradient-angle=\"180\" data-bg-gradient-start-color=\"#5198df\" data-bg-gradient-start-position=\"0\" data-bg-gradient-end-color=\"rgba(255,255,255,0)\" data-bg-gradient-end-position=\"100\" data-bg-radial-direction=\"center center\" ><\/div><div class=\"fusion-fullwidth fullwidth-box fusion-builder-row-1 fusion-flex-container fusion-parallax-up nonhundred-percent-fullwidth non-hundred-percent-height-scrolling\" style=\"--awb-background-position:center bottom;--awb-border-radius-top-left:0px;--awb-border-radius-top-right:0px;--awb-border-radius-bottom-right:0px;--awb-border-radius-bottom-left:0px;--awb-padding-top:7%;--awb-padding-bottom:7%;--awb-background-image:linear-gradient(180deg, #5198df 0%,rgba(255,255,255,0) 100%),url(https:\/\/www.dropmybag.com\/wp-content\/uploads\/2025\/01\/alexander-kagan-t9Td0zfDTwI-unsplash-scaled-e1737996813213.jpg);;--awb-background-image-medium:linear-gradient(180deg, #5198df 0%,rgba(255,255,255,0) 100%),url(https:\/\/www.dropmybag.com\/wp-content\/uploads\/2025\/01\/alexander-kagan-t9Td0zfDTwI-unsplash-scaled-e1737996813213.jpg);;--awb-background-size:cover;--awb-flex-wrap:wrap;\" data-preload-img=\"https:\/\/www.dropmybag.com\/wp-content\/uploads\/2025\/01\/alexander-kagan-t9Td0zfDTwI-unsplash-scaled-e1737996813213.jpg\" ><div class=\"fusion-builder-row fusion-row fusion-flex-align-items-flex-start fusion-flex-content-wrap\" style=\"max-width:calc( 1300px + 0px );margin-left: calc(-0px \/ 2 );margin-right: calc(-0px \/ 2 );\"><div class=\"fusion-layout-column fusion_builder_column fusion-builder-column-0 fusion_builder_column_1_1 1_1 fusion-flex-column fusion-animated\" style=\"--awb-bg-blend:overlay;--awb-bg-size:cover;--awb-width-large:100%;--awb-margin-top-large:0px;--awb-spacing-right-large:0px;--awb-margin-bottom-large:0px;--awb-spacing-left-large:0px;--awb-width-medium:100%;--awb-spacing-right-medium:0px;--awb-spacing-left-medium:0px;--awb-width-small:100%;--awb-spacing-right-small:0px;--awb-spacing-left-small:0px;\" data-animationType=\"fadeInDown\" data-animationDuration=\"0.6\" data-animationOffset=\"top-into-view\"><div class=\"fusion-column-wrapper fusion-flex-justify-content-flex-start fusion-content-layout-column\"><div class=\"fusion-title title fusion-title-1 fusion-sep-none fusion-title-center fusion-title-text fusion-title-size-six\" style=\"--awb-text-color:var(--awb-color6);--awb-margin-bottom:15px;--awb-font-size:var(--awb-typography2-font-size);\"><h6 class=\"fusion-title-heading title-heading-center\" style=\"margin:0;font-size:1em;letter-spacing:var(--awb-typography2-letter-spacing);text-transform:var(--awb-typography2-text-transform);line-height:var(--awb-typography2-line-height);\"><\/h6><\/div><div class=\"fusion-title title fusion-title-2 fusion-sep-none fusion-title-center fusion-title-text fusion-title-size-one\" style=\"--awb-text-color:#ffffff;--awb-margin-bottom:15px;\"><h1 class=\"fusion-title-heading title-heading-center\" style=\"font-family:&quot;Roboto&quot;;font-style:normal;font-weight:700;margin:0;\">Profitez de la ville sans bagage apr\u00e8s votre check-out.<\/h1><\/div><div class=\"fusion-title title fusion-title-3 fusion-sep-none fusion-title-center fusion-title-text fusion-title-size-paragraph\" style=\"--awb-text-color:#ffffff;--awb-margin-bottom:10px;--awb-font-size:16px;\"><p class=\"fusion-title-heading title-heading-center title-heading-tag\" style=\"font-family:&quot;Roboto&quot;;font-style:normal;font-weight:400;margin:0;font-size:1em;text-transform:uppercase;line-height:1.5;\"><em>Pour r\u00e9cup\u00e9rer votre bagage, Rien de plus <b>simple<\/b>, programmez votre <b>\u201cdrop\u201d<\/b> en <b>3 min<\/b> !<\/em><\/p><\/div><div style=\"text-align:center;\"><a class=\"fusion-button button-flat fusion-button-default-size button-default fusion-button-default button-1 fusion-button-default-span fusion-button-default-type\" style=\"--button_margin-top:10px;\" target=\"_self\" href=\"https:\/\/www.dropmybag.com\/index.php\/drop\/\"><span class=\"fusion-button-text\">Programmez votre Drop !<\/span><\/a><\/div><\/div><\/div><\/div><\/div><div class=\"fusion-fullwidth fullwidth-box fusion-builder-row-2 fusion-flex-container has-pattern-background has-mask-background nonhundred-percent-fullwidth non-hundred-percent-height-scrolling\" style=\"--awb-border-radius-top-left:0px;--awb-border-radius-top-right:0px;--awb-border-radius-bottom-right:0px;--awb-border-radius-bottom-left:0px;--awb-padding-top:35px;--awb-padding-bottom:0px;--awb-padding-top-small:32px;--awb-flex-wrap:wrap;\" ><div class=\"fusion-builder-row fusion-row fusion-flex-align-items-flex-start fusion-flex-content-wrap\" style=\"max-width:1352px;margin-left: calc(-4% \/ 2 );margin-right: calc(-4% \/ 2 );\"><div class=\"fusion-layout-column fusion_builder_column fusion-builder-column-1 fusion_builder_column_1_1 1_1 fusion-flex-column\" style=\"--awb-padding-bottom-small:0px;--awb-bg-size:cover;--awb-width-large:100%;--awb-margin-top-large:30px;--awb-spacing-right-large:1.92%;--awb-margin-bottom-large:20px;--awb-spacing-left-large:1.92%;--awb-width-medium:100%;--awb-order-medium:0;--awb-spacing-right-medium:1.92%;--awb-spacing-left-medium:1.92%;--awb-width-small:100%;--awb-order-small:0;--awb-spacing-right-small:1.92%;--awb-margin-bottom-small:0px;--awb-spacing-left-small:1.92%;\"><div class=\"fusion-column-wrapper fusion-column-has-shadow fusion-flex-justify-content-flex-start fusion-content-layout-column\"><div class=\"fusion-content-boxes content-boxes columns row fusion-columns-1 fusion-columns-total-3 fusion-content-boxes-1 content-boxes-icon-boxed content-left\" style=\"--awb-backgroundcolor:var(--awb-color2);--awb-border-radius-top-left:10px;--awb-border-radius-top-right:10px;--awb-border-radius-bottom-right:10px;--awb-border-radius-bottom-left:10px;--awb-body-color:var(--awb-color7);--awb-title-color:var(--awb-color5);--awb-iconcolor:#ffffff;--awb-circlecolor-hover:var(--awb-color4);--awb-hover-accent-color:var(--awb-color4);--awb-circle-hover-accent-color:var(--awb-color4);--awb-item-margin-bottom:40px;\" data-animationOffset=\"top-into-view\"><div style=\"--awb-backgroundcolor:var(--awb-color2);--awb-iconcolor:#ffffff;--awb-circlecolor-hover:var(--awb-color4);\" class=\"fusion-column content-box-column content-box-column content-box-column-1 col-lg-12 col-md-12 col-sm-12 fusion-content-box-hover content-box-column-last-in-row\"><div class=\"col content-box-wrapper content-wrapper-background content-wrapper-boxed link-area-link-icon icon-hover-animation-slide\" data-animationOffset=\"top-into-view\"><div class=\"heading heading-with-icon icon-left\"><div class=\"icon\"><i style=\"border-color:#1d1d1f;border-width:0px;background-color:var(--awb-color6);box-sizing:content-box;height:60px;width:60px;line-height:60px;top:-80px;margin-left:-30px;border-radius:100%;font-size:30px;\" aria-hidden=\"true\" class=\"fontawesome-icon fa-concierge-bell fas circle-yes\"><\/i><\/div><h5 class=\"content-box-heading fusion-responsive-typography-calculated\" style=\"--h5_typography-font-size:22px;--fontSize:22;line-height:var(--awb-typography1-line-height);\">FAITES VOTRE CHECK-OUT<\/h5><\/div><div class=\"fusion-clearfix\"><\/div><div class=\"content-container\">D\u00e9posez votre valise ferm\u00e9e avec un cadenas \u00e0 la bagagerie de l\u2019h\u00f4tel<\/div><\/div><\/div><div style=\"--awb-backgroundcolor:#f1f4f6;--awb-iconcolor:#ffffff;--awb-circlecolor-hover:var(--awb-color4);\" class=\"fusion-column content-box-column content-box-column content-box-column-2 col-lg-12 col-md-12 col-sm-12 fusion-content-box-hover content-box-column-last-in-row\"><div class=\"col content-box-wrapper content-wrapper-background content-wrapper-boxed link-area-link-icon icon-hover-animation-slide\" data-animationOffset=\"top-into-view\"><div class=\"heading heading-with-icon icon-left\"><div class=\"icon\"><i style=\"border-color:#282828;border-width:0px;background-color:var(--awb-color6);box-sizing:content-box;height:60px;width:60px;line-height:60px;top:-80px;margin-left:-30px;border-radius:100%;font-size:30px;\" aria-hidden=\"true\" class=\"fontawesome-icon fa-eye fas circle-yes\"><\/i><\/div><h5 class=\"content-box-heading fusion-responsive-typography-calculated\" style=\"--h5_typography-font-size:22px;--fontSize:22;line-height:var(--awb-typography1-line-height);\">PROFITEZ JUSQU\u2019AU DERNIER MOMENT<\/h5><\/div><div class=\"fusion-clearfix\"><\/div><div class=\"content-container\">Partez visiter la ville sans vous souciez de repasser par l\u2019h\u00f4tel, un coursier le fera pour vous<\/div><\/div><\/div><div style=\"--awb-backgroundcolor:#f1f4f6;--awb-iconcolor:#ffffff;--awb-circlecolor-hover:var(--awb-color4);\" class=\"fusion-column content-box-column content-box-column content-box-column-3 col-lg-12 col-md-12 col-sm-12 fusion-content-box-hover content-box-column-last content-box-column-last-in-row\"><div class=\"col content-box-wrapper content-wrapper-background content-wrapper-boxed link-area-link-icon icon-hover-animation-slide\" data-animationOffset=\"top-into-view\"><div class=\"heading heading-with-icon icon-left\"><div class=\"icon\"><i style=\"border-color:var(--awb-color4);border-width:0px;background-color:var(--awb-color6);box-sizing:content-box;height:60px;width:60px;line-height:60px;top:-80px;margin-left:-30px;border-radius:100%;font-size:30px;\" aria-hidden=\"true\" class=\"fontawesome-icon fa-suitcase-rolling fas circle-yes\"><\/i><\/div><h5 class=\"content-box-heading fusion-responsive-typography-calculated\" style=\"--h5_typography-font-size:22px;--fontSize:22;line-height:var(--awb-typography1-line-height);\">FAITES VOUS DROPER VOTRE VALISE<\/h5><\/div><div class=\"fusion-clearfix\"><\/div><div class=\"content-container\">\n<p>Donnez un point de rendez-vous et un coursier vous \u201cdropera\u201d votre valise<\/p>\n<\/div><\/div><\/div><div class=\"fusion-clearfix\"><\/div><\/div><\/div><\/div><\/div><\/div><\/p>\n","protected":false},"excerpt":{"rendered":"","protected":false},"author":1,"featured_media":0,"parent":0,"menu_order":0,"comment_status":"closed","ping_status":"closed","template":"100-width.php","meta":{"footnotes":""},"class_list":["post-794","page","type-page","status-publish","hentry"],"jetpack_sharing_enabled":true,"_links":{"self":[{"href":"https:\/\/www.dropmybag.com\/index.php\/wp-json\/wp\/v2\/pages\/794","targetHints":{"allow":["GET"]}}],"collection":[{"href":"https:\/\/www.dropmybag.com\/index.php\/wp-json\/wp\/v2\/pages"}],"about":[{"href":"https:\/\/www.dropmybag.com\/index.php\/wp-json\/wp\/v2\/types\/page"}],"author":[{"embeddable":true,"href":"https:\/\/www.dropmybag.com\/index.php\/wp-json\/wp\/v2\/users\/1"}],"replies":[{"embeddable":true,"href":"https:\/\/www.dropmybag.com\/index.php\/wp-json\/wp\/v2\/comments?post=794"}],"version-history":[{"count":103,"href":"https:\/\/www.dropmybag.com\/index.php\/wp-json\/wp\/v2\/pages\/794\/revisions"}],"predecessor-version":[{"id":3346,"href":"https:\/\/www.dropmybag.com\/index.php\/wp-json\/wp\/v2\/pages\/794\/revisions\/3346"}],"wp:attachment":[{"href":"https:\/\/www.dropmybag.com\/index.php\/wp-json\/wp\/v2\/media?parent=794"}],"curies":[{"name":"wp","href":"https:\/\/api.w.org\/{rel}","templated":true}]}}